{"id":37,"date":"2023-04-05T09:44:12","date_gmt":"2023-04-05T07:44:12","guid":{"rendered":"https:\/\/eurofineks.rs\/?page_id=37"},"modified":"2023-04-08T13:54:30","modified_gmt":"2023-04-08T11:54:30","slug":"delatnost","status":"publish","type":"page","link":"https:\/\/eurofineks.rs\/?page_id=37","title":{"rendered":"Delatnost"},"content":{"rendered":"\t\t<div data-elementor-type=\"wp-page\" data-elementor-id=\"37\" class=\"elementor elementor-37\" data-elementor-post-type=\"page\">\n\t\t\t\t\t\t<section class=\"elementor-section elementor-top-section elementor-element elementor-element-58047126 elementor-section-content-middle elementor-section-boxed elementor-section-height-default elementor-section-height-default\" data-id=\"58047126\" data-element_type=\"section\" data-e-type=\"section\" data-settings=\"{&quot;background_background&quot;:&quot;classic&quot;}\">\n\t\t\t\t\t\t\t<div class=\"elementor-background-overlay\"><\/div>\n\t\t\t\t\t\t\t<div class=\"elementor-container elementor-column-gap-wide\">\n\t\t\t\t\t<div class=\"elementor-column elementor-col-100 elementor-top-column elementor-element elementor-element-1450197f\" data-id=\"1450197f\" data-element_type=\"column\" data-e-type=\"column\">\n\t\t\t<div class=\"elementor-widget-wrap elementor-element-populated\">\n\t\t\t\t\t\t<section class=\"elementor-section elementor-inner-section elementor-element elementor-element-624cca40 elementor-section-boxed elementor-section-height-default elementor-section-height-default\" data-id=\"624cca40\" data-element_type=\"section\" data-e-type=\"section\">\n\t\t\t\t\t\t<div class=\"elementor-container elementor-column-gap-default\">\n\t\t\t\t\t<div class=\"elementor-column elementor-col-50 elementor-inner-column elementor-element elementor-element-6b647fa2 elementor-invisible\" data-id=\"6b647fa2\" data-element_type=\"column\" data-e-type=\"column\" data-settings=\"{&quot;animation&quot;:&quot;fadeIn&quot;,&quot;animation_delay&quot;:100}\">\n\t\t\t<div class=\"elementor-widget-wrap elementor-element-populated\">\n\t\t\t\t\t\t<div class=\"elementor-element elementor-element-2231e11e elementor-widget elementor-widget-accordion\" data-id=\"2231e11e\" data-element_type=\"widget\" data-e-type=\"widget\" data-widget_type=\"accordion.default\">\n\t\t\t\t<div class=\"elementor-widget-container\">\n\t\t\t\t\t\t\t<div class=\"elementor-accordion\">\n\t\t\t\t\t\t\t<div class=\"elementor-accordion-item\">\n\t\t\t\t\t<h2 id=\"elementor-tab-title-5731\" class=\"elementor-tab-title\" data-tab=\"1\" role=\"button\" aria-controls=\"elementor-tab-content-5731\" aria-expanded=\"false\">\n\t\t\t\t\t\t\t\t\t\t\t\t\t<span class=\"elementor-accordion-icon elementor-accordion-icon-right\" aria-hidden=\"true\">\n\t\t\t\t\t\t\t\t\t\t\t\t\t\t\t<span class=\"elementor-accordion-icon-closed\"><i class=\"fas fa-angle-down\"><\/i><\/span>\n\t\t\t\t\t\t\t\t<span class=\"elementor-accordion-icon-opened\"><i class=\"fas fa-angle-up\"><\/i><\/span>\n\t\t\t\t\t\t\t\t\t\t\t\t\t\t<\/span>\n\t\t\t\t\t\t\t\t\t\t\t\t<a class=\"elementor-accordion-title\" tabindex=\"0\">Brokerski poslovi<\/a>\n\t\t\t\t\t<\/h2>\n\t\t\t\t\t<div id=\"elementor-tab-content-5731\" class=\"elementor-tab-content elementor-clearfix\" data-tab=\"1\" role=\"region\" aria-labelledby=\"elementor-tab-title-5731\"><ul><li>organizovanje uklju\u010divanja hartija od vrednosti na organizovano tr\u017ei\u0161te,<\/li><li>organizovanje distribucije hartija od vrednosti bez obaveze otkupa.<\/li><\/ul><\/div>\n\t\t\t\t<\/div>\n\t\t\t\t\t\t\t<div class=\"elementor-accordion-item\">\n\t\t\t\t\t<h2 id=\"elementor-tab-title-5732\" class=\"elementor-tab-title\" data-tab=\"2\" role=\"button\" aria-controls=\"elementor-tab-content-5732\" aria-expanded=\"false\">\n\t\t\t\t\t\t\t\t\t\t\t\t\t<span class=\"elementor-accordion-icon elementor-accordion-icon-right\" aria-hidden=\"true\">\n\t\t\t\t\t\t\t\t\t\t\t\t\t\t\t<span class=\"elementor-accordion-icon-closed\"><i class=\"fas fa-angle-down\"><\/i><\/span>\n\t\t\t\t\t\t\t\t<span class=\"elementor-accordion-icon-opened\"><i class=\"fas fa-angle-up\"><\/i><\/span>\n\t\t\t\t\t\t\t\t\t\t\t\t\t\t<\/span>\n\t\t\t\t\t\t\t\t\t\t\t\t<a class=\"elementor-accordion-title\" tabindex=\"0\">Usluge akcionarima:<\/a>\n\t\t\t\t\t<\/h2>\n\t\t\t\t\t<div id=\"elementor-tab-content-5732\" class=\"elementor-tab-content elementor-clearfix\" data-tab=\"2\" role=\"region\" aria-labelledby=\"elementor-tab-title-5732\"><p>\u2013 otvaranje vlasni\u010dkih, trgova\u010dkih, emisionih i drugih ra\u010duna u Centralnom registru<br \/>\u2013 prodaju i kupovinu akcija na Beogradskoj Berzi<br \/>\u2013 re\u0161avanje pitanja nasledstva na akcijama<br \/>\u2013 prenos prava vlasni\u0161tva na naslednike<br \/>\u2013 prenos akcija po ugovorima o poklonu<br \/>\u2013 sprovo\u0111enje postupka zaloge i skidanja zaloge nad akcijama<br \/>\u2013 isplata dividenede<br \/>\u2013 isplata nesaglasnih akcionara<br \/>\u2013 ispata akcionara kod prinudnog otkupa akcija<br \/>\u2013 konsultantske usluge svih vrsta<\/p><\/div>\n\t\t\t\t<\/div>\n\t\t\t\t\t\t\t\t<\/div>\n\t\t\t\t\t\t<\/div>\n\t\t\t\t<\/div>\n\t\t\t\t\t<\/div>\n\t\t<\/div>\n\t\t\t\t<div class=\"elementor-column elementor-col-50 elementor-inner-column elementor-element elementor-element-7aac6d2a elementor-invisible\" data-id=\"7aac6d2a\" data-element_type=\"column\" data-e-type=\"column\" data-settings=\"{&quot;animation&quot;:&quot;fadeIn&quot;,&quot;animation_delay&quot;:200}\">\n\t\t\t<div class=\"elementor-widget-wrap elementor-element-populated\">\n\t\t\t\t\t\t<div class=\"elementor-element elementor-element-44a47dcf elementor-widget elementor-widget-accordion\" data-id=\"44a47dcf\" data-element_type=\"widget\" data-e-type=\"widget\" data-widget_type=\"accordion.default\">\n\t\t\t\t<div class=\"elementor-widget-container\">\n\t\t\t\t\t\t\t<div class=\"elementor-accordion\">\n\t\t\t\t\t\t\t<div class=\"elementor-accordion-item\">\n\t\t\t\t\t<h2 id=\"elementor-tab-title-1151\" class=\"elementor-tab-title\" data-tab=\"1\" role=\"button\" aria-controls=\"elementor-tab-content-1151\" aria-expanded=\"false\">\n\t\t\t\t\t\t\t\t\t\t\t\t\t<span class=\"elementor-accordion-icon elementor-accordion-icon-right\" aria-hidden=\"true\">\n\t\t\t\t\t\t\t\t\t\t\t\t\t\t\t<span class=\"elementor-accordion-icon-closed\"><i class=\"fas fa-angle-down\"><\/i><\/span>\n\t\t\t\t\t\t\t\t<span class=\"elementor-accordion-icon-opened\"><i class=\"fas fa-angle-up\"><\/i><\/span>\n\t\t\t\t\t\t\t\t\t\t\t\t\t\t<\/span>\n\t\t\t\t\t\t\t\t\t\t\t\t<a class=\"elementor-accordion-title\" tabindex=\"0\">Poslovi agenta emisije<\/a>\n\t\t\t\t\t<\/h2>\n\t\t\t\t\t<div id=\"elementor-tab-content-1151\" class=\"elementor-tab-content elementor-clearfix\" data-tab=\"1\" role=\"region\" aria-labelledby=\"elementor-tab-title-1151\"><ul><li>Organizovanje uklju\u010divanja hartija od vrednosti na organizovano tr\u017ei\u0161te,<\/li><li>Organizovanje distribucije hartija od vrednosti bez obaveze otkupa<\/li><\/ul><\/div>\n\t\t\t\t<\/div>\n\t\t\t\t\t\t\t<div class=\"elementor-accordion-item\">\n\t\t\t\t\t<h2 id=\"elementor-tab-title-1152\" class=\"elementor-tab-title\" data-tab=\"2\" role=\"button\" aria-controls=\"elementor-tab-content-1152\" aria-expanded=\"false\">\n\t\t\t\t\t\t\t\t\t\t\t\t\t<span class=\"elementor-accordion-icon elementor-accordion-icon-right\" aria-hidden=\"true\">\n\t\t\t\t\t\t\t\t\t\t\t\t\t\t\t<span class=\"elementor-accordion-icon-closed\"><i class=\"fas fa-angle-down\"><\/i><\/span>\n\t\t\t\t\t\t\t\t<span class=\"elementor-accordion-icon-opened\"><i class=\"fas fa-angle-up\"><\/i><\/span>\n\t\t\t\t\t\t\t\t\t\t\t\t\t\t<\/span>\n\t\t\t\t\t\t\t\t\t\t\t\t<a class=\"elementor-accordion-title\" tabindex=\"0\">Usluge korporativnog agenta<\/a>\n\t\t\t\t\t<\/h2>\n\t\t\t\t\t<div id=\"elementor-tab-content-1152\" class=\"elementor-tab-content elementor-clearfix\" data-tab=\"2\" role=\"region\" aria-labelledby=\"elementor-tab-title-1152\"><p>Zastupanje Prvrednog dru\u0161tva pred<br \/>Beogradskom Berzom,<br \/>Centralnim registrom, i kliringom hartija od vrednosti i<br \/>Komisijom za hartije od vrednosti,<br \/>U\u010destvovanje u pripremi skup\u0161tine akcionara,<br \/>Sprovo\u0111enje postupaka otkupa sopstvenih akcija,<br \/>Sprovo\u0111enje postupaka dokapitalizacije,<br \/>Sprovo\u0111enje postupka poni\u0161taja sopstvenih akcija,<br \/>Sprovo\u0111enje postupaka otu\u0111enja sopstvenih akcija,<br \/>Sprovo\u0111enje postupka nesaglasnih akcionara,<br \/>Sprovo\u0111enje postupaka prinudnog otkupa akcija od svih preostalih akcionara,<br \/>Isplata dividende,<br \/>Priprema i sprovo\u0111enje ponuda za preuzimanje,<br \/>Obave\u0161tavanje akcionara, svih zainteresovanih lica, kao i dr\u017eavnih organa o bitnim doga\u0111ajima u privrednom dru\u0161tvu<\/p><\/div>\n\t\t\t\t<\/div>\n\t\t\t\t\t\t\t\t<\/div>\n\t\t\t\t\t\t<\/div>\n\t\t\t\t<\/div>\n\t\t\t\t\t<\/div>\n\t\t<\/div>\n\t\t\t\t\t<\/div>\n\t\t<\/section>\n\t\t\t\t<section class=\"elementor-section elementor-inner-section elementor-element elementor-element-2bc39b3 elementor-section-boxed elementor-section-height-default elementor-section-height-default\" data-id=\"2bc39b3\" data-element_type=\"section\" data-e-type=\"section\">\n\t\t\t\t\t\t<div class=\"elementor-container elementor-column-gap-default\">\n\t\t\t\t\t<div class=\"elementor-column elementor-col-100 elementor-inner-column elementor-element elementor-element-196b011 elementor-invisible\" data-id=\"196b011\" data-element_type=\"column\" data-e-type=\"column\" data-settings=\"{&quot;animation&quot;:&quot;fadeIn&quot;,&quot;animation_delay&quot;:100}\">\n\t\t\t<div class=\"elementor-widget-wrap elementor-element-populated\">\n\t\t\t\t\t\t<div class=\"elementor-element elementor-element-ce90adf elementor-widget elementor-widget-accordion\" data-id=\"ce90adf\" data-element_type=\"widget\" data-e-type=\"widget\" data-widget_type=\"accordion.default\">\n\t\t\t\t<div class=\"elementor-widget-container\">\n\t\t\t\t\t\t\t<div class=\"elementor-accordion\">\n\t\t\t\t\t\t\t<div class=\"elementor-accordion-item\">\n\t\t\t\t\t<h2 id=\"elementor-tab-title-2161\" class=\"elementor-tab-title\" data-tab=\"1\" role=\"button\" aria-controls=\"elementor-tab-content-2161\" aria-expanded=\"false\">\n\t\t\t\t\t\t\t\t\t\t\t\t\t<span class=\"elementor-accordion-icon elementor-accordion-icon-right\" aria-hidden=\"true\">\n\t\t\t\t\t\t\t\t\t\t\t\t\t\t\t<span class=\"elementor-accordion-icon-closed\"><i class=\"fas fa-angle-down\"><\/i><\/span>\n\t\t\t\t\t\t\t\t<span class=\"elementor-accordion-icon-opened\"><i class=\"fas fa-angle-up\"><\/i><\/span>\n\t\t\t\t\t\t\t\t\t\t\t\t\t\t<\/span>\n\t\t\t\t\t\t\t\t\t\t\t\t<a class=\"elementor-accordion-title\" tabindex=\"0\">Ostale usluge:<\/a>\n\t\t\t\t\t<\/h2>\n\t\t\t\t\t<div id=\"elementor-tab-content-2161\" class=\"elementor-tab-content elementor-clearfix\" data-tab=\"1\" role=\"region\" aria-labelledby=\"elementor-tab-title-2161\"><p>Na\u0161a povezana firma: \u201eFINEKS\u201c d.o.o.\u00a0za ekonomske ekspertize\u00a0 i izdava\u010dku delatnost obezbe\u0111uje kompletnu infrastrukturu u postupku privatizacije i funkcionisanja akcionarskog\u00a0\u00a0dru\u0161tva pru\u017eaju\u0107i slede\u0107e usluge:<\/p><p>Procene vrednosti kapitala, akcija i udela ili pojedinih delova imovine<\/p><p>Procene vrednosti nepokretnosti od strane licenciranih procenitelja<\/p><p>Izrada elaborata o transfernim cenama<\/p><p>Sudska i vansudska ve\u0161ta\u010denja iz oblasti ekonomsko-finansijske struke<\/p><p>Konsalting usluge iz oblasti privatizacije i drugih oblasti<\/p><p>usluge svih vrsta<\/p><\/div>\n\t\t\t\t<\/div>\n\t\t\t\t\t\t\t\t<\/div>\n\t\t\t\t\t\t<\/div>\n\t\t\t\t<\/div>\n\t\t\t\t\t<\/div>\n\t\t<\/div>\n\t\t\t\t\t<\/div>\n\t\t<\/section>\n\t\t\t\t\t<\/div>\n\t\t<\/div>\n\t\t\t\t\t<\/div>\n\t\t<\/section>\n\t\t\t\t<\/div>\n\t\t","protected":false},"excerpt":{"rendered":"<p>Brokerski poslovi organizovanje uklju\u010divanja hartija od vrednosti na organizovano tr\u017ei\u0161te, organizovanje distribucije hartija od vrednosti bez obaveze otkupa. Usluge akcionarima: \u2013 otvaranje vlasni\u010dkih, trgova\u010dkih, emisionih i drugih ra\u010duna u Centralnom registru\u2013 prodaju i kupovinu akcija na Beogradskoj Berzi\u2013 re\u0161avanje pitanja nasledstva na akcijama\u2013 prenos prava vlasni\u0161tva na naslednike\u2013 prenos akcija po ugovorima o poklonu\u2013 sprovo\u0111enje [&hellip;]<\/p>\n","protected":false},"author":1,"featured_media":0,"parent":0,"menu_order":0,"comment_status":"closed","ping_status":"closed","template":"elementor_header_footer","meta":{"site-sidebar-layout":"no-sidebar","site-content-layout":"page-builder","ast-site-content-layout":"default","site-content-style":"default","site-sidebar-style":"default","ast-global-header-display":"","ast-banner-title-visibility":"","ast-main-header-display":"","ast-hfb-above-header-display":"","ast-hfb-below-header-display":"","ast-hfb-mobile-header-display":"","site-post-title":"disabled","ast-breadcrumbs-content":"","ast-featured-img":"disabled","footer-sml-layout":"","ast-disable-related-posts":"","theme-transparent-header-meta":"default","adv-header-id-meta":"","stick-header-meta":"","header-above-stick-meta":"","header-main-stick-meta":"","header-below-stick-meta":"","astra-migrate-meta-layouts":"default","ast-page-background-enabled":"default","ast-page-background-meta":{"desktop":{"background-color":"var(--ast-global-color-4)","background-image":"","background-repeat":"repeat","background-position":"center center","background-size":"auto","background-attachment":"scroll","background-type":"","background-media":"","overlay-type":"","overlay-color":"","overlay-opacity":"","overlay-gradient":""},"tablet":{"background-color":"","background-image":"","background-repeat":"repeat","background-position":"center center","background-size":"auto","background-attachment":"scroll","background-type":"","background-media":"","overlay-type":"","overlay-color":"","overlay-opacity":"","overlay-gradient":""},"mobile":{"background-color":"","background-image":"","background-repeat":"repeat","background-position":"center center","background-size":"auto","background-attachment":"scroll","background-type":"","background-media":"","overlay-type":"","overlay-color":"","overlay-opacity":"","overlay-gradient":""}},"ast-content-background-meta":{"desktop":{"background-color":"var(--ast-global-color-5)","background-image":"","background-repeat":"repeat","background-position":"center center","background-size":"auto","background-attachment":"scroll","background-type":"","background-media":"","overlay-type":"","overlay-color":"","overlay-opacity":"","overlay-gradient":""},"tablet":{"background-color":"var(--ast-global-color-5)","background-image":"","background-repeat":"repeat","background-position":"center center","background-size":"auto","background-attachment":"scroll","background-type":"","background-media":"","overlay-type":"","overlay-color":"","overlay-opacity":"","overlay-gradient":""},"mobile":{"background-color":"var(--ast-global-color-5)","background-image":"","background-repeat":"repeat","background-position":"center center","background-size":"auto","background-attachment":"scroll","background-type":"","background-media":"","overlay-type":"","overlay-color":"","overlay-opacity":"","overlay-gradient":""}},"footnotes":""},"class_list":["post-37","page","type-page","status-publish","hentry"],"yoast_head":"<!-- This site is optimized with the Yoast SEO plugin v27.4 - https:\/\/yoast.com\/product\/yoast-seo-wordpress\/ -->\n<title>Delatnost - EUROFINEKS BROKER AD<\/title>\n<meta name=\"robots\" content=\"index, follow, max-snippet:-1, max-image-preview:large, max-video-preview:-1\" \/>\n<link rel=\"canonical\" href=\"https:\/\/eurofineks.rs\/?page_id=37\" \/>\n<meta property=\"og:locale\" content=\"sr_RS\" \/>\n<meta property=\"og:type\" content=\"article\" \/>\n<meta property=\"og:title\" content=\"Delatnost - EUROFINEKS BROKER AD\" \/>\n<meta property=\"og:description\" content=\"Brokerski poslovi organizovanje uklju\u010divanja hartija od vrednosti na organizovano tr\u017ei\u0161te, organizovanje distribucije hartija od vrednosti bez obaveze otkupa. Usluge akcionarima: \u2013 otvaranje vlasni\u010dkih, trgova\u010dkih, emisionih i drugih ra\u010duna u Centralnom registru\u2013 prodaju i kupovinu akcija na Beogradskoj Berzi\u2013 re\u0161avanje pitanja nasledstva na akcijama\u2013 prenos prava vlasni\u0161tva na naslednike\u2013 prenos akcija po ugovorima o poklonu\u2013 sprovo\u0111enje [&hellip;]\" \/>\n<meta property=\"og:url\" content=\"https:\/\/eurofineks.rs\/?page_id=37\" \/>\n<meta property=\"og:site_name\" content=\"EUROFINEKS BROKER AD\" \/>\n<meta property=\"article:modified_time\" content=\"2023-04-08T11:54:30+00:00\" \/>\n<meta name=\"twitter:card\" content=\"summary_large_image\" \/>\n<meta name=\"twitter:label1\" content=\"\u041f\u0440\u043e\u0446\u0435\u045a\u0435\u043d\u043e \u0432\u0440\u0435\u043c\u0435 \u0447\u0438\u0442\u0430\u045a\u0430\" \/>\n\t<meta name=\"twitter:data1\" content=\"2 \u043c\u0438\u043d\u0443\u0442\u0430\" \/>\n<script type=\"application\/ld+json\" class=\"yoast-schema-graph\">{\"@context\":\"https:\\\/\\\/schema.org\",\"@graph\":[{\"@type\":\"WebPage\",\"@id\":\"https:\\\/\\\/eurofineks.rs\\\/?page_id=37\",\"url\":\"https:\\\/\\\/eurofineks.rs\\\/?page_id=37\",\"name\":\"Delatnost - EUROFINEKS BROKER AD\",\"isPartOf\":{\"@id\":\"https:\\\/\\\/eurofineks.rs\\\/#website\"},\"datePublished\":\"2023-04-05T07:44:12+00:00\",\"dateModified\":\"2023-04-08T11:54:30+00:00\",\"breadcrumb\":{\"@id\":\"https:\\\/\\\/eurofineks.rs\\\/?page_id=37#breadcrumb\"},\"inLanguage\":\"sr-RS\",\"potentialAction\":[{\"@type\":\"ReadAction\",\"target\":[\"https:\\\/\\\/eurofineks.rs\\\/?page_id=37\"]}]},{\"@type\":\"BreadcrumbList\",\"@id\":\"https:\\\/\\\/eurofineks.rs\\\/?page_id=37#breadcrumb\",\"itemListElement\":[{\"@type\":\"ListItem\",\"position\":1,\"name\":\"\u041f\u043e\u0447\u0435\u0442\u043d\u0430\",\"item\":\"https:\\\/\\\/eurofineks.rs\\\/\"},{\"@type\":\"ListItem\",\"position\":2,\"name\":\"Delatnost\"}]},{\"@type\":\"WebSite\",\"@id\":\"https:\\\/\\\/eurofineks.rs\\\/#website\",\"url\":\"https:\\\/\\\/eurofineks.rs\\\/\",\"name\":\"EUROFINEKS BROKER AD\",\"description\":\"BROKERSKO-DILERSKO DRU\u0160TVO\",\"potentialAction\":[{\"@type\":\"SearchAction\",\"target\":{\"@type\":\"EntryPoint\",\"urlTemplate\":\"https:\\\/\\\/eurofineks.rs\\\/?s={search_term_string}\"},\"query-input\":{\"@type\":\"PropertyValueSpecification\",\"valueRequired\":true,\"valueName\":\"search_term_string\"}}],\"inLanguage\":\"sr-RS\"}]}<\/script>\n<!-- \/ Yoast SEO plugin. -->","yoast_head_json":{"title":"Delatnost - EUROFINEKS BROKER AD","robots":{"index":"index","follow":"follow","max-snippet":"max-snippet:-1","max-image-preview":"max-image-preview:large","max-video-preview":"max-video-preview:-1"},"canonical":"https:\/\/eurofineks.rs\/?page_id=37","og_locale":"sr_RS","og_type":"article","og_title":"Delatnost - EUROFINEKS BROKER AD","og_description":"Brokerski poslovi organizovanje uklju\u010divanja hartija od vrednosti na organizovano tr\u017ei\u0161te, organizovanje distribucije hartija od vrednosti bez obaveze otkupa. Usluge akcionarima: \u2013 otvaranje vlasni\u010dkih, trgova\u010dkih, emisionih i drugih ra\u010duna u Centralnom registru\u2013 prodaju i kupovinu akcija na Beogradskoj Berzi\u2013 re\u0161avanje pitanja nasledstva na akcijama\u2013 prenos prava vlasni\u0161tva na naslednike\u2013 prenos akcija po ugovorima o poklonu\u2013 sprovo\u0111enje [&hellip;]","og_url":"https:\/\/eurofineks.rs\/?page_id=37","og_site_name":"EUROFINEKS BROKER AD","article_modified_time":"2023-04-08T11:54:30+00:00","twitter_card":"summary_large_image","twitter_misc":{"\u041f\u0440\u043e\u0446\u0435\u045a\u0435\u043d\u043e \u0432\u0440\u0435\u043c\u0435 \u0447\u0438\u0442\u0430\u045a\u0430":"2 \u043c\u0438\u043d\u0443\u0442\u0430"},"schema":{"@context":"https:\/\/schema.org","@graph":[{"@type":"WebPage","@id":"https:\/\/eurofineks.rs\/?page_id=37","url":"https:\/\/eurofineks.rs\/?page_id=37","name":"Delatnost - EUROFINEKS BROKER AD","isPartOf":{"@id":"https:\/\/eurofineks.rs\/#website"},"datePublished":"2023-04-05T07:44:12+00:00","dateModified":"2023-04-08T11:54:30+00:00","breadcrumb":{"@id":"https:\/\/eurofineks.rs\/?page_id=37#breadcrumb"},"inLanguage":"sr-RS","potentialAction":[{"@type":"ReadAction","target":["https:\/\/eurofineks.rs\/?page_id=37"]}]},{"@type":"BreadcrumbList","@id":"https:\/\/eurofineks.rs\/?page_id=37#breadcrumb","itemListElement":[{"@type":"ListItem","position":1,"name":"\u041f\u043e\u0447\u0435\u0442\u043d\u0430","item":"https:\/\/eurofineks.rs\/"},{"@type":"ListItem","position":2,"name":"Delatnost"}]},{"@type":"WebSite","@id":"https:\/\/eurofineks.rs\/#website","url":"https:\/\/eurofineks.rs\/","name":"EUROFINEKS BROKER AD","description":"BROKERSKO-DILERSKO DRU\u0160TVO","potentialAction":[{"@type":"SearchAction","target":{"@type":"EntryPoint","urlTemplate":"https:\/\/eurofineks.rs\/?s={search_term_string}"},"query-input":{"@type":"PropertyValueSpecification","valueRequired":true,"valueName":"search_term_string"}}],"inLanguage":"sr-RS"}]}},"_links":{"self":[{"href":"https:\/\/eurofineks.rs\/index.php?rest_route=\/wp\/v2\/pages\/37","targetHints":{"allow":["GET"]}}],"collection":[{"href":"https:\/\/eurofineks.rs\/index.php?rest_route=\/wp\/v2\/pages"}],"about":[{"href":"https:\/\/eurofineks.rs\/index.php?rest_route=\/wp\/v2\/types\/page"}],"author":[{"embeddable":true,"href":"https:\/\/eurofineks.rs\/index.php?rest_route=\/wp\/v2\/users\/1"}],"replies":[{"embeddable":true,"href":"https:\/\/eurofineks.rs\/index.php?rest_route=%2Fwp%2Fv2%2Fcomments&post=37"}],"version-history":[{"count":25,"href":"https:\/\/eurofineks.rs\/index.php?rest_route=\/wp\/v2\/pages\/37\/revisions"}],"predecessor-version":[{"id":449,"href":"https:\/\/eurofineks.rs\/index.php?rest_route=\/wp\/v2\/pages\/37\/revisions\/449"}],"wp:attachment":[{"href":"https:\/\/eurofineks.rs\/index.php?rest_route=%2Fwp%2Fv2%2Fmedia&parent=37"}],"curies":[{"name":"wp","href":"https:\/\/api.w.org\/{rel}","templated":true}]}}