{"id":246,"date":"2023-04-08T10:28:37","date_gmt":"2023-04-08T08:28:37","guid":{"rendered":"https:\/\/eurofineks.rs\/?page_id=246"},"modified":"2023-04-12T09:26:27","modified_gmt":"2023-04-12T07:26:27","slug":"tim","status":"publish","type":"page","link":"https:\/\/eurofineks.rs\/?page_id=246","title":{"rendered":"Tim"},"content":{"rendered":"\t\t<div data-elementor-type=\"wp-page\" data-elementor-id=\"246\" class=\"elementor elementor-246\" data-elementor-post-type=\"page\">\n\t\t\t\t\t\t<section class=\"elementor-section elementor-top-section elementor-element elementor-element-822371b elementor-section-boxed elementor-section-height-default elementor-section-height-default\" data-id=\"822371b\" data-element_type=\"section\" data-e-type=\"section\">\n\t\t\t\t\t\t<div class=\"elementor-container elementor-column-gap-default\">\n\t\t\t\t\t<div class=\"elementor-column elementor-col-100 elementor-top-column elementor-element elementor-element-13c130b\" data-id=\"13c130b\" data-element_type=\"column\" data-e-type=\"column\">\n\t\t\t<div class=\"elementor-widget-wrap elementor-element-populated\">\n\t\t\t\t\t\t<div class=\"elementor-element elementor-element-68b70fd elementor-widget elementor-widget-heading\" data-id=\"68b70fd\" data-element_type=\"widget\" data-e-type=\"widget\" data-widget_type=\"heading.default\">\n\t\t\t\t<div class=\"elementor-widget-container\">\n\t\t\t\t\t<h2 class=\"elementor-heading-title elementor-size-default\">Tim<\/h2>\t\t\t\t<\/div>\n\t\t\t\t<\/div>\n\t\t\t\t\t<\/div>\n\t\t<\/div>\n\t\t\t\t\t<\/div>\n\t\t<\/section>\n\t\t\t\t<section class=\"elementor-section elementor-inner-section elementor-element elementor-element-47240751 elementor-section-boxed elementor-section-height-default elementor-section-height-default\" data-id=\"47240751\" data-element_type=\"section\" data-e-type=\"section\">\n\t\t\t\t\t\t<div class=\"elementor-container elementor-column-gap-default\">\n\t\t\t\t\t<div class=\"elementor-column elementor-col-100 elementor-inner-column elementor-element elementor-element-5025ac27\" data-id=\"5025ac27\" data-element_type=\"column\" data-e-type=\"column\" data-settings=\"{&quot;background_background&quot;:&quot;gradient&quot;}\">\n\t\t\t<div class=\"elementor-widget-wrap elementor-element-populated\">\n\t\t\t\t\t\t<div class=\"elementor-element elementor-element-260db54f elementor-widget elementor-widget-lae-team-members\" data-id=\"260db54f\" data-element_type=\"widget\" data-e-type=\"widget\" data-widget_type=\"lae-team-members.default\">\n\t\t\t\t<div class=\"elementor-widget-container\">\n\t\t\t\t\t\n\n<div        class=\"lae-team-members lae-team-members-style2 lae-container\" >\n\n    \n        \n        \n        \n<div class=\"lae-team-member-wrapper\">\n\n    \n    <div class=\"lae-team-member \" >\n\n        <div class=\"lae-image-wrapper\">\n\n            \n                \n                \n                    <img decoding=\"async\" width=\"150\" height=\"150\" src=\"https:\/\/eurofineks.rs\/wp-content\/uploads\/2023\/04\/bbbb-150x150-1.png\" class=\"lae-image attachment-medium_large size-medium_large\" alt=\"bbbb-150&#215;150\" title=\"bbbb-150x150\" \/>\n                \n            \n        <\/div><!-- .lae-image-wrapper -->\n\n        <div class=\"lae-team-member-text\">\n\n            \n            \n                <h2 class=\"lae-title\">Borislav Kne\u017eevic<\/h2>\n            \n            <div class=\"lae-team-member-position\">\n\n                Direktor\n            <\/div>\n\n            <div class=\"lae-team-member-details\">\n\n                \n            <\/div>\n\n            \n<div class=\"lae-social-wrap\">\n    <div class=\"lae-social-list\">\n\n                        \n        \n        \n        \n        \n        \n        \n    <\/div><!-- .lae-social-list -->\n<\/div><!-- .lae-social-wrap -->\n\n\n\n        <\/div><!-- .lae-team-member-text -->\n\n    <\/div><!-- .lae-team-member -->\n\n<\/div><!-- .lae-team-member-wrapper -->\n    \n        \n        \n        \n<div class=\"lae-team-member-wrapper\">\n\n    \n    <div class=\"lae-team-member \" >\n\n        <div class=\"lae-image-wrapper\">\n\n            \n                \n                \n                    <img decoding=\"async\"  src=\"https:\/\/eurofineks.rs\/wp-content\/plugins\/elementor\/assets\/images\/placeholder.png\" title=\"Tim\" alt=\"\" class=\"lae-image\" \/>\n                \n            \n        <\/div><!-- .lae-image-wrapper -->\n\n        <div class=\"lae-team-member-text\">\n\n            \n            \n                <h2 class=\"lae-title\">Stefan Kne\u017eevi\u0107<\/h2>\n            \n            <div class=\"lae-team-member-position\">\n\n                 izvr\u0161ni direktor\n            <\/div>\n\n            <div class=\"lae-team-member-details\">\n\n                \n            <\/div>\n\n            \n<div class=\"lae-social-wrap\">\n    <div class=\"lae-social-list\">\n\n                        \n        \n        \n        \n        \n        \n        \n    <\/div><!-- .lae-social-list -->\n<\/div><!-- .lae-social-wrap -->\n\n\n\n        <\/div><!-- .lae-team-member-text -->\n\n    <\/div><!-- .lae-team-member -->\n\n<\/div><!-- .lae-team-member-wrapper -->\n    \n        \n        \n        \n<div class=\"lae-team-member-wrapper\">\n\n    \n    <div class=\"lae-team-member \" >\n\n        <div class=\"lae-image-wrapper\">\n\n            \n                \n                \n                    <img decoding=\"async\"  src=\"https:\/\/eurofineks.rs\/wp-content\/plugins\/elementor\/assets\/images\/placeholder.png\" title=\"Tim\" alt=\"\" class=\"lae-image\" \/>\n                \n            \n        <\/div><!-- .lae-image-wrapper -->\n\n        <div class=\"lae-team-member-text\">\n\n            \n            \n                <h2 class=\"lae-title\">Jelena Jovanovi\u0107<\/h2>\n            \n            <div class=\"lae-team-member-position\">\n\n                ovla\u0161\u0107eni broker-glavni broker\n            <\/div>\n\n            <div class=\"lae-team-member-details\">\n\n                \n            <\/div>\n\n            \n<div class=\"lae-social-wrap\">\n    <div class=\"lae-social-list\">\n\n                        \n        \n        \n        \n        \n        \n        \n    <\/div><!-- .lae-social-list -->\n<\/div><!-- .lae-social-wrap -->\n\n\n\n        <\/div><!-- .lae-team-member-text -->\n\n    <\/div><!-- .lae-team-member -->\n\n<\/div><!-- .lae-team-member-wrapper -->\n    \n        \n        \n        \n<div class=\"lae-team-member-wrapper\">\n\n    \n    <div class=\"lae-team-member \" >\n\n        <div class=\"lae-image-wrapper\">\n\n            \n                \n                \n                    <img decoding=\"async\"  src=\"https:\/\/eurofineks.rs\/wp-content\/plugins\/elementor\/assets\/images\/placeholder.png\" title=\"Tim\" alt=\"\" class=\"lae-image\" \/>\n                \n            \n        <\/div><!-- .lae-image-wrapper -->\n\n        <div class=\"lae-team-member-text\">\n\n            \n            \n                <h2 class=\"lae-title\">Gordana \u0160ekularac<\/h2>\n            \n            <div class=\"lae-team-member-position\">\n\n                ra\u010dunovo\u0111a\n            <\/div>\n\n            <div class=\"lae-team-member-details\">\n\n                \n            <\/div>\n\n            \n<div class=\"lae-social-wrap\">\n    <div class=\"lae-social-list\">\n\n                        \n        \n        \n        \n        \n        \n        \n    <\/div><!-- .lae-social-list -->\n<\/div><!-- .lae-social-wrap -->\n\n\n\n        <\/div><!-- .lae-team-member-text -->\n\n    <\/div><!-- .lae-team-member -->\n\n<\/div><!-- .lae-team-member-wrapper -->\n    \n        \n        \n        \n<div class=\"lae-team-member-wrapper\">\n\n    \n    <div class=\"lae-team-member \" >\n\n        <div class=\"lae-image-wrapper\">\n\n            \n                \n                \n                    <img decoding=\"async\"  src=\"https:\/\/eurofineks.rs\/wp-content\/plugins\/elementor\/assets\/images\/placeholder.png\" title=\"Tim\" alt=\"\" class=\"lae-image\" \/>\n                \n            \n        <\/div><!-- .lae-image-wrapper -->\n\n        <div class=\"lae-team-member-text\">\n\n            \n            \n                <h2 class=\"lae-title\">Tatjana Radenkovi\u0107<\/h2>\n            \n            <div class=\"lae-team-member-position\">\n\n                Ovla\u0161\u0107eni broker\n            <\/div>\n\n            <div class=\"lae-team-member-details\">\n\n                \n            <\/div>\n\n            \n<div class=\"lae-social-wrap\">\n    <div class=\"lae-social-list\">\n\n                        \n        \n        \n        \n        \n        \n        \n    <\/div><!-- .lae-social-list -->\n<\/div><!-- .lae-social-wrap -->\n\n\n\n        <\/div><!-- .lae-team-member-text -->\n\n    <\/div><!-- .lae-team-member -->\n\n<\/div><!-- .lae-team-member-wrapper -->\n    \n        \n        \n        \n<div class=\"lae-team-member-wrapper\">\n\n    \n    <div class=\"lae-team-member \" >\n\n        <div class=\"lae-image-wrapper\">\n\n            \n                \n                \n                    <img decoding=\"async\"  src=\"https:\/\/eurofineks.rs\/wp-content\/plugins\/elementor\/assets\/images\/placeholder.png\" title=\"Tim\" alt=\"\" class=\"lae-image\" \/>\n                \n            \n        <\/div><!-- .lae-image-wrapper -->\n\n        <div class=\"lae-team-member-text\">\n\n            \n            \n                <h2 class=\"lae-title\">Vladimir risti\u0107<\/h2>\n            \n            <div class=\"lae-team-member-position\">\n\n                Ovla\u0161\u0107eni broker\n            <\/div>\n\n            <div class=\"lae-team-member-details\">\n\n                \n            <\/div>\n\n            \n<div class=\"lae-social-wrap\">\n    <div class=\"lae-social-list\">\n\n                        \n        \n        \n        \n        \n        \n        \n    <\/div><!-- .lae-social-list -->\n<\/div><!-- .lae-social-wrap -->\n\n\n\n        <\/div><!-- .lae-team-member-text -->\n\n    <\/div><!-- .lae-team-member -->\n\n<\/div><!-- .lae-team-member-wrapper -->\n    \n<\/div><!-- .lae-team-members -->\n\n<div class=\"lae-clear\"><\/div>\t\t\t\t<\/div>\n\t\t\t\t<\/div>\n\t\t\t\t\t<\/div>\n\t\t<\/div>\n\t\t\t\t\t<\/div>\n\t\t<\/section>\n\t\t\t\t<\/div>\n\t\t","protected":false},"excerpt":{"rendered":"<p>Borislav Kne\u017eevic Direktor Stefan Kne\u017eevi\u0107 izvr\u0161ni direktor Jelena Jovanovi\u0107 ovla\u0161\u0107eni broker-glavni broker Gordana \u0160ekularac ra\u010dunovo\u0111a Tatjana Radenkovi\u0107 Ovla\u0161\u0107eni broker Vladimir risti\u0107 Ovla\u0161\u0107eni broker<\/p>\n","protected":false},"author":1,"featured_media":0,"parent":0,"menu_order":0,"comment_status":"closed","ping_status":"closed","template":"","meta":{"site-sidebar-layout":"no-sidebar","site-content-layout":"page-builder","ast-site-content-layout":"default","site-content-style":"default","site-sidebar-style":"default","ast-global-header-display":"","ast-banner-title-visibility":"","ast-main-header-display":"","ast-hfb-above-header-display":"","ast-hfb-below-header-display":"","ast-hfb-mobile-header-display":"","site-post-title":"disabled","ast-breadcrumbs-content":"","ast-featured-img":"disabled","footer-sml-layout":"","ast-disable-related-posts":"","theme-transparent-header-meta":"","adv-header-id-meta":"","stick-header-meta":"","header-above-stick-meta":"","header-main-stick-meta":"","header-below-stick-meta":"","astra-migrate-meta-layouts":"default","ast-page-background-enabled":"default","ast-page-background-meta":{"desktop":{"background-color":"var(--ast-global-color-4)","background-image":"","background-repeat":"repeat","background-position":"center center","background-size":"auto","background-attachment":"scroll","background-type":"","background-media":"","overlay-type":"","overlay-color":"","overlay-opacity":"","overlay-gradient":""},"tablet":{"background-color":"","background-image":"","background-repeat":"repeat","background-position":"center center","background-size":"auto","background-attachment":"scroll","background-type":"","background-media":"","overlay-type":"","overlay-color":"","overlay-opacity":"","overlay-gradient":""},"mobile":{"background-color":"","background-image":"","background-repeat":"repeat","background-position":"center center","background-size":"auto","background-attachment":"scroll","background-type":"","background-media":"","overlay-type":"","overlay-color":"","overlay-opacity":"","overlay-gradient":""}},"ast-content-background-meta":{"desktop":{"background-color":"var(--ast-global-color-5)","background-image":"","background-repeat":"repeat","background-position":"center center","background-size":"auto","background-attachment":"scroll","background-type":"","background-media":"","overlay-type":"","overlay-color":"","overlay-opacity":"","overlay-gradient":""},"tablet":{"background-color":"var(--ast-global-color-5)","background-image":"","background-repeat":"repeat","background-position":"center center","background-size":"auto","background-attachment":"scroll","background-type":"","background-media":"","overlay-type":"","overlay-color":"","overlay-opacity":"","overlay-gradient":""},"mobile":{"background-color":"var(--ast-global-color-5)","background-image":"","background-repeat":"repeat","background-position":"center center","background-size":"auto","background-attachment":"scroll","background-type":"","background-media":"","overlay-type":"","overlay-color":"","overlay-opacity":"","overlay-gradient":""}},"footnotes":""},"class_list":["post-246","page","type-page","status-publish","hentry"],"yoast_head":"<!-- This site is optimized with the Yoast SEO plugin v27.4 - https:\/\/yoast.com\/product\/yoast-seo-wordpress\/ -->\n<title>Tim - EUROFINEKS BROKER AD<\/title>\n<meta name=\"robots\" content=\"index, follow, max-snippet:-1, max-image-preview:large, max-video-preview:-1\" \/>\n<link rel=\"canonical\" href=\"https:\/\/eurofineks.rs\/?page_id=246\" \/>\n<meta property=\"og:locale\" content=\"sr_RS\" \/>\n<meta property=\"og:type\" content=\"article\" \/>\n<meta property=\"og:title\" content=\"Tim - EUROFINEKS BROKER AD\" \/>\n<meta property=\"og:description\" content=\"Borislav Kne\u017eevic Direktor Stefan Kne\u017eevi\u0107 izvr\u0161ni direktor Jelena Jovanovi\u0107 ovla\u0161\u0107eni broker-glavni broker Gordana \u0160ekularac ra\u010dunovo\u0111a Tatjana Radenkovi\u0107 Ovla\u0161\u0107eni broker Vladimir risti\u0107 Ovla\u0161\u0107eni broker\" \/>\n<meta property=\"og:url\" content=\"https:\/\/eurofineks.rs\/?page_id=246\" \/>\n<meta property=\"og:site_name\" content=\"EUROFINEKS BROKER AD\" \/>\n<meta property=\"article:modified_time\" content=\"2023-04-12T07:26:27+00:00\" \/>\n<meta property=\"og:image\" content=\"https:\/\/eurofineks.rs\/wp-content\/uploads\/2023\/04\/bbbb-150x150-1.png\" \/>\n<meta name=\"twitter:card\" content=\"summary_large_image\" \/>\n<meta name=\"twitter:label1\" content=\"\u041f\u0440\u043e\u0446\u0435\u045a\u0435\u043d\u043e \u0432\u0440\u0435\u043c\u0435 \u0447\u0438\u0442\u0430\u045a\u0430\" \/>\n\t<meta name=\"twitter:data1\" content=\"2 \u043c\u0438\u043d\u0443\u0442\u0430\" \/>\n<script type=\"application\/ld+json\" class=\"yoast-schema-graph\">{\"@context\":\"https:\\\/\\\/schema.org\",\"@graph\":[{\"@type\":\"WebPage\",\"@id\":\"https:\\\/\\\/eurofineks.rs\\\/?page_id=246\",\"url\":\"https:\\\/\\\/eurofineks.rs\\\/?page_id=246\",\"name\":\"Tim - EUROFINEKS BROKER AD\",\"isPartOf\":{\"@id\":\"https:\\\/\\\/eurofineks.rs\\\/#website\"},\"primaryImageOfPage\":{\"@id\":\"https:\\\/\\\/eurofineks.rs\\\/?page_id=246#primaryimage\"},\"image\":{\"@id\":\"https:\\\/\\\/eurofineks.rs\\\/?page_id=246#primaryimage\"},\"thumbnailUrl\":\"https:\\\/\\\/eurofineks.rs\\\/wp-content\\\/uploads\\\/2023\\\/04\\\/bbbb-150x150-1.png\",\"datePublished\":\"2023-04-08T08:28:37+00:00\",\"dateModified\":\"2023-04-12T07:26:27+00:00\",\"breadcrumb\":{\"@id\":\"https:\\\/\\\/eurofineks.rs\\\/?page_id=246#breadcrumb\"},\"inLanguage\":\"sr-RS\",\"potentialAction\":[{\"@type\":\"ReadAction\",\"target\":[\"https:\\\/\\\/eurofineks.rs\\\/?page_id=246\"]}]},{\"@type\":\"ImageObject\",\"inLanguage\":\"sr-RS\",\"@id\":\"https:\\\/\\\/eurofineks.rs\\\/?page_id=246#primaryimage\",\"url\":\"https:\\\/\\\/eurofineks.rs\\\/wp-content\\\/uploads\\\/2023\\\/04\\\/bbbb-150x150-1.png\",\"contentUrl\":\"https:\\\/\\\/eurofineks.rs\\\/wp-content\\\/uploads\\\/2023\\\/04\\\/bbbb-150x150-1.png\",\"width\":150,\"height\":150},{\"@type\":\"BreadcrumbList\",\"@id\":\"https:\\\/\\\/eurofineks.rs\\\/?page_id=246#breadcrumb\",\"itemListElement\":[{\"@type\":\"ListItem\",\"position\":1,\"name\":\"\u041f\u043e\u0447\u0435\u0442\u043d\u0430\",\"item\":\"https:\\\/\\\/eurofineks.rs\\\/\"},{\"@type\":\"ListItem\",\"position\":2,\"name\":\"Tim\"}]},{\"@type\":\"WebSite\",\"@id\":\"https:\\\/\\\/eurofineks.rs\\\/#website\",\"url\":\"https:\\\/\\\/eurofineks.rs\\\/\",\"name\":\"EUROFINEKS BROKER AD\",\"description\":\"BROKERSKO-DILERSKO DRU\u0160TVO\",\"potentialAction\":[{\"@type\":\"SearchAction\",\"target\":{\"@type\":\"EntryPoint\",\"urlTemplate\":\"https:\\\/\\\/eurofineks.rs\\\/?s={search_term_string}\"},\"query-input\":{\"@type\":\"PropertyValueSpecification\",\"valueRequired\":true,\"valueName\":\"search_term_string\"}}],\"inLanguage\":\"sr-RS\"}]}<\/script>\n<!-- \/ Yoast SEO plugin. -->","yoast_head_json":{"title":"Tim - EUROFINEKS BROKER AD","robots":{"index":"index","follow":"follow","max-snippet":"max-snippet:-1","max-image-preview":"max-image-preview:large","max-video-preview":"max-video-preview:-1"},"canonical":"https:\/\/eurofineks.rs\/?page_id=246","og_locale":"sr_RS","og_type":"article","og_title":"Tim - EUROFINEKS BROKER AD","og_description":"Borislav Kne\u017eevic Direktor Stefan Kne\u017eevi\u0107 izvr\u0161ni direktor Jelena Jovanovi\u0107 ovla\u0161\u0107eni broker-glavni broker Gordana \u0160ekularac ra\u010dunovo\u0111a Tatjana Radenkovi\u0107 Ovla\u0161\u0107eni broker Vladimir risti\u0107 Ovla\u0161\u0107eni broker","og_url":"https:\/\/eurofineks.rs\/?page_id=246","og_site_name":"EUROFINEKS BROKER AD","article_modified_time":"2023-04-12T07:26:27+00:00","og_image":[{"url":"https:\/\/eurofineks.rs\/wp-content\/uploads\/2023\/04\/bbbb-150x150-1.png","type":"","width":"","height":""}],"twitter_card":"summary_large_image","twitter_misc":{"\u041f\u0440\u043e\u0446\u0435\u045a\u0435\u043d\u043e \u0432\u0440\u0435\u043c\u0435 \u0447\u0438\u0442\u0430\u045a\u0430":"2 \u043c\u0438\u043d\u0443\u0442\u0430"},"schema":{"@context":"https:\/\/schema.org","@graph":[{"@type":"WebPage","@id":"https:\/\/eurofineks.rs\/?page_id=246","url":"https:\/\/eurofineks.rs\/?page_id=246","name":"Tim - EUROFINEKS BROKER AD","isPartOf":{"@id":"https:\/\/eurofineks.rs\/#website"},"primaryImageOfPage":{"@id":"https:\/\/eurofineks.rs\/?page_id=246#primaryimage"},"image":{"@id":"https:\/\/eurofineks.rs\/?page_id=246#primaryimage"},"thumbnailUrl":"https:\/\/eurofineks.rs\/wp-content\/uploads\/2023\/04\/bbbb-150x150-1.png","datePublished":"2023-04-08T08:28:37+00:00","dateModified":"2023-04-12T07:26:27+00:00","breadcrumb":{"@id":"https:\/\/eurofineks.rs\/?page_id=246#breadcrumb"},"inLanguage":"sr-RS","potentialAction":[{"@type":"ReadAction","target":["https:\/\/eurofineks.rs\/?page_id=246"]}]},{"@type":"ImageObject","inLanguage":"sr-RS","@id":"https:\/\/eurofineks.rs\/?page_id=246#primaryimage","url":"https:\/\/eurofineks.rs\/wp-content\/uploads\/2023\/04\/bbbb-150x150-1.png","contentUrl":"https:\/\/eurofineks.rs\/wp-content\/uploads\/2023\/04\/bbbb-150x150-1.png","width":150,"height":150},{"@type":"BreadcrumbList","@id":"https:\/\/eurofineks.rs\/?page_id=246#breadcrumb","itemListElement":[{"@type":"ListItem","position":1,"name":"\u041f\u043e\u0447\u0435\u0442\u043d\u0430","item":"https:\/\/eurofineks.rs\/"},{"@type":"ListItem","position":2,"name":"Tim"}]},{"@type":"WebSite","@id":"https:\/\/eurofineks.rs\/#website","url":"https:\/\/eurofineks.rs\/","name":"EUROFINEKS BROKER AD","description":"BROKERSKO-DILERSKO DRU\u0160TVO","potentialAction":[{"@type":"SearchAction","target":{"@type":"EntryPoint","urlTemplate":"https:\/\/eurofineks.rs\/?s={search_term_string}"},"query-input":{"@type":"PropertyValueSpecification","valueRequired":true,"valueName":"search_term_string"}}],"inLanguage":"sr-RS"}]}},"_links":{"self":[{"href":"https:\/\/eurofineks.rs\/index.php?rest_route=\/wp\/v2\/pages\/246","targetHints":{"allow":["GET"]}}],"collection":[{"href":"https:\/\/eurofineks.rs\/index.php?rest_route=\/wp\/v2\/pages"}],"about":[{"href":"https:\/\/eurofineks.rs\/index.php?rest_route=\/wp\/v2\/types\/page"}],"author":[{"embeddable":true,"href":"https:\/\/eurofineks.rs\/index.php?rest_route=\/wp\/v2\/users\/1"}],"replies":[{"embeddable":true,"href":"https:\/\/eurofineks.rs\/index.php?rest_route=%2Fwp%2Fv2%2Fcomments&post=246"}],"version-history":[{"count":28,"href":"https:\/\/eurofineks.rs\/index.php?rest_route=\/wp\/v2\/pages\/246\/revisions"}],"predecessor-version":[{"id":491,"href":"https:\/\/eurofineks.rs\/index.php?rest_route=\/wp\/v2\/pages\/246\/revisions\/491"}],"wp:attachment":[{"href":"https:\/\/eurofineks.rs\/index.php?rest_route=%2Fwp%2Fv2%2Fmedia&parent=246"}],"curies":[{"name":"wp","href":"https:\/\/api.w.org\/{rel}","templated":true}]}}