{"id":2,"date":"2023-04-05T08:52:47","date_gmt":"2023-04-05T06:52:47","guid":{"rendered":"https:\/\/eurofineks.rs\/?page_id=2"},"modified":"2024-05-28T14:02:26","modified_gmt":"2024-05-28T12:02:26","slug":"primer-strane","status":"publish","type":"page","link":"https:\/\/eurofineks.rs\/","title":{"rendered":"EUROFINEKS BROKER AD"},"content":{"rendered":"\t\t<div data-elementor-type=\"wp-page\" data-elementor-id=\"2\" class=\"elementor elementor-2\" data-elementor-post-type=\"page\">\n\t\t\t\t\t\t<section class=\"elementor-section elementor-top-section elementor-element elementor-element-23e333b0 elementor-section-full_width elementor-section-stretched elementor-section-height-min-height elementor-hidden-mobile elementor-section-height-default elementor-section-items-middle\" data-id=\"23e333b0\" data-element_type=\"section\" data-e-type=\"section\" data-settings=\"{&quot;stretch_section&quot;:&quot;section-stretched&quot;,&quot;background_background&quot;:&quot;classic&quot;}\">\n\t\t\t\t\t\t\t<div class=\"elementor-background-overlay\"><\/div>\n\t\t\t\t\t\t\t<div class=\"elementor-container elementor-column-gap-default\">\n\t\t\t\t\t<div class=\"elementor-column elementor-col-100 elementor-top-column elementor-element elementor-element-2934bad5\" data-id=\"2934bad5\" data-element_type=\"column\" data-e-type=\"column\">\n\t\t\t<div class=\"elementor-widget-wrap elementor-element-populated\">\n\t\t\t\t\t\t<div class=\"elementor-element elementor-element-643b582 elementor-widget__width-initial elementor-widget elementor-widget-spacer\" data-id=\"643b582\" data-element_type=\"widget\" data-e-type=\"widget\" data-widget_type=\"spacer.default\">\n\t\t\t\t<div class=\"elementor-widget-container\">\n\t\t\t\t\t\t\t<div class=\"elementor-spacer\">\n\t\t\t<div class=\"elementor-spacer-inner\"><\/div>\n\t\t<\/div>\n\t\t\t\t\t\t<\/div>\n\t\t\t\t<\/div>\n\t\t\t\t<div class=\"elementor-element elementor-element-2f8b98d elementor-widget elementor-widget-spacer\" data-id=\"2f8b98d\" data-element_type=\"widget\" data-e-type=\"widget\" data-widget_type=\"spacer.default\">\n\t\t\t\t<div class=\"elementor-widget-container\">\n\t\t\t\t\t\t\t<div class=\"elementor-spacer\">\n\t\t\t<div class=\"elementor-spacer-inner\"><\/div>\n\t\t<\/div>\n\t\t\t\t\t\t<\/div>\n\t\t\t\t<\/div>\n\t\t\t\t\t<\/div>\n\t\t<\/div>\n\t\t\t\t\t<\/div>\n\t\t<\/section>\n\t\t\t\t<section class=\"elementor-section elementor-top-section elementor-element elementor-element-e1b0e82 envato-kit-141-top-0 elementor-section-boxed elementor-section-height-default elementor-section-height-default\" data-id=\"e1b0e82\" data-element_type=\"section\" data-e-type=\"section\" data-settings=\"{&quot;background_background&quot;:&quot;classic&quot;}\">\n\t\t\t\t\t\t\t<div class=\"elementor-background-overlay\"><\/div>\n\t\t\t\t\t\t\t<div class=\"elementor-container elementor-column-gap-default\">\n\t\t\t\t\t<div class=\"elementor-column elementor-col-33 elementor-top-column elementor-element elementor-element-6f54f415\" data-id=\"6f54f415\" data-element_type=\"column\" data-e-type=\"column\">\n\t\t\t<div class=\"elementor-widget-wrap elementor-element-populated\">\n\t\t\t\t\t\t<section class=\"elementor-section elementor-inner-section elementor-element elementor-element-55132e1 elementor-section-boxed elementor-section-height-default elementor-section-height-default elementor-invisible\" data-id=\"55132e1\" data-element_type=\"section\" data-e-type=\"section\" data-settings=\"{&quot;animation&quot;:&quot;fadeIn&quot;,&quot;animation_delay&quot;:300}\">\n\t\t\t\t\t\t<div class=\"elementor-container elementor-column-gap-no\">\n\t\t\t\t\t<div class=\"elementor-column elementor-col-100 elementor-inner-column elementor-element elementor-element-6a3932e0\" data-id=\"6a3932e0\" data-element_type=\"column\" data-e-type=\"column\">\n\t\t\t<div class=\"elementor-widget-wrap elementor-element-populated\">\n\t\t\t\t\t\t<div class=\"elementor-element elementor-element-c8ad3b5 elementor-widget elementor-widget-spacer\" data-id=\"c8ad3b5\" data-element_type=\"widget\" data-e-type=\"widget\" data-widget_type=\"spacer.default\">\n\t\t\t\t<div class=\"elementor-widget-container\">\n\t\t\t\t\t\t\t<div class=\"elementor-spacer\">\n\t\t\t<div class=\"elementor-spacer-inner\"><\/div>\n\t\t<\/div>\n\t\t\t\t\t\t<\/div>\n\t\t\t\t<\/div>\n\t\t\t\t\t<\/div>\n\t\t<\/div>\n\t\t\t\t\t<\/div>\n\t\t<\/section>\n\t\t\t\t\t<\/div>\n\t\t<\/div>\n\t\t\t\t<div class=\"elementor-column elementor-col-33 elementor-top-column elementor-element elementor-element-8a13e31\" data-id=\"8a13e31\" data-element_type=\"column\" data-e-type=\"column\">\n\t\t\t<div class=\"elementor-widget-wrap elementor-element-populated\">\n\t\t\t\t\t\t<div class=\"elementor-element elementor-element-56fb4c5 elementor-widget__width-initial elementor-widget-divider--view-line elementor-invisible elementor-widget elementor-widget-divider\" data-id=\"56fb4c5\" data-element_type=\"widget\" data-e-type=\"widget\" data-settings=\"{&quot;_animation&quot;:&quot;fadeIn&quot;,&quot;_animation_delay&quot;:150}\" data-widget_type=\"divider.default\">\n\t\t\t\t<div class=\"elementor-widget-container\">\n\t\t\t\t\t\t\t<div class=\"elementor-divider\">\n\t\t\t<span class=\"elementor-divider-separator\">\n\t\t\t\t\t\t<\/span>\n\t\t<\/div>\n\t\t\t\t\t\t<\/div>\n\t\t\t\t<\/div>\n\t\t\t\t<div class=\"elementor-element elementor-element-b1ff4ad elementor-invisible elementor-widget elementor-widget-heading\" data-id=\"b1ff4ad\" data-element_type=\"widget\" data-e-type=\"widget\" data-settings=\"{&quot;_animation&quot;:&quot;fadeIn&quot;,&quot;_animation_delay&quot;:200}\" data-widget_type=\"heading.default\">\n\t\t\t\t<div class=\"elementor-widget-container\">\n\t\t\t\t\t<h2 class=\"elementor-heading-title elementor-size-default\">Brokersko-dilersko dru\u0161tvo \u201eEURO FINEKS BROKER\u201c a.d. osnovano je 20.06.2001. godine.\n<\/h2>\t\t\t\t<\/div>\n\t\t\t\t<\/div>\n\t\t\t\t\t<\/div>\n\t\t<\/div>\n\t\t\t\t<div class=\"elementor-column elementor-col-33 elementor-top-column elementor-element elementor-element-15c51349\" data-id=\"15c51349\" data-element_type=\"column\" data-e-type=\"column\">\n\t\t\t<div class=\"elementor-widget-wrap elementor-element-populated\">\n\t\t\t\t\t\t<div class=\"elementor-element elementor-element-bfab3a8 elementor-widget elementor-widget-shortcode\" data-id=\"bfab3a8\" data-element_type=\"widget\" data-e-type=\"widget\" data-widget_type=\"shortcode.default\">\n\t\t\t\t<div class=\"elementor-widget-container\">\n\t\t\t\t\t\t\t<div class=\"elementor-shortcode\"><iframe height=\"157\" frameborder=\"0\" width=\"250\" scrolling=\"no\" marginheight=\"0\" marginwidth=\"0\" src=\"\/\/www.servisinfo.com\/public-data\/belex-indexi-public\"\/><\/iframe><\/div>\n\t\t\t\t\t\t<\/div>\n\t\t\t\t<\/div>\n\t\t\t\t\t<\/div>\n\t\t<\/div>\n\t\t\t\t\t<\/div>\n\t\t<\/section>\n\t\t\t\t<section class=\"elementor-section elementor-top-section elementor-element elementor-element-1575fdc envato-kit-141-top-0 elementor-section-full_width elementor-section-height-default elementor-section-height-default\" data-id=\"1575fdc\" data-element_type=\"section\" data-e-type=\"section\" data-settings=\"{&quot;background_background&quot;:&quot;classic&quot;}\">\n\t\t\t\t\t\t\t<div class=\"elementor-background-overlay\"><\/div>\n\t\t\t\t\t\t\t<div class=\"elementor-container elementor-column-gap-wider\">\n\t\t\t\t\t<div class=\"elementor-column elementor-col-100 elementor-top-column elementor-element elementor-element-df1bb18\" data-id=\"df1bb18\" data-element_type=\"column\" data-e-type=\"column\">\n\t\t\t<div class=\"elementor-widget-wrap elementor-element-populated\">\n\t\t\t\t\t\t<div class=\"elementor-element elementor-element-b5d214d elementor-widget-divider--view-line elementor-widget elementor-widget-divider\" data-id=\"b5d214d\" data-element_type=\"widget\" data-e-type=\"widget\" data-widget_type=\"divider.default\">\n\t\t\t\t<div class=\"elementor-widget-container\">\n\t\t\t\t\t\t\t<div class=\"elementor-divider\">\n\t\t\t<span class=\"elementor-divider-separator\">\n\t\t\t\t\t\t<\/span>\n\t\t<\/div>\n\t\t\t\t\t\t<\/div>\n\t\t\t\t<\/div>\n\t\t\t\t<div class=\"elementor-element elementor-element-04ca64c elementor-widget elementor-widget-text-editor\" data-id=\"04ca64c\" data-element_type=\"widget\" data-e-type=\"widget\" data-widget_type=\"text-editor.default\">\n\t\t\t\t<div class=\"elementor-widget-container\">\n\t\t\t\t\t\t\t\t\t<p>&#8222;Brokersko-dilerska dru\u0161tva koja su uga\u0161ena a \u010dije je klijente preuzeo <strong>Euro Fineks Broker ad Beograd<\/strong> su:<\/p>\t\t\t\t\t\t\t\t<\/div>\n\t\t\t\t<\/div>\n\t\t\t\t<div class=\"elementor-element elementor-element-9eed74b elementor-widget__width-initial elementor-widget-mobile__width-inherit elementor-widget elementor-widget-text-editor\" data-id=\"9eed74b\" data-element_type=\"widget\" data-e-type=\"widget\" data-widget_type=\"text-editor.default\">\n\t\t\t\t<div class=\"elementor-widget-container\">\n\t\t\t\t\t\t\t\t\t<p>Brokersko-dilersko dru\u0161tvo EKI BROKER a.d. Beograd<br \/>Brokersko-dilersko dru\u0161tvo PAN BROKER a.d. Beograd<br \/>Brokersko-dilersko dru\u0161tvo BONITET GRUPA d.o.o. Beograd<br \/>Brokersko-dilersko dru\u0161tvo TEMA BROKER a.d. Beograd<br \/>Brokersko-dilersko dru\u0161tvo TR\u017dI\u0160TE NOVCA, a.d., Beograd<br \/>Brokersko-dilersko dru\u0161tvo CAPITAL BROKER, a.d., Ni\u0161<br \/>Brokersko-dilersko dru\u0161tvo CAPITALONE, a.d., Beograd<\/p>\t\t\t\t\t\t\t\t<\/div>\n\t\t\t\t<\/div>\n\t\t\t\t\t<\/div>\n\t\t<\/div>\n\t\t\t\t\t<\/div>\n\t\t<\/section>\n\t\t\t\t<section class=\"elementor-section elementor-top-section elementor-element elementor-element-d5d8e09 envato-kit-141-top-0 elementor-section-full_width elementor-section-height-default elementor-section-height-default\" data-id=\"d5d8e09\" data-element_type=\"section\" data-e-type=\"section\" data-settings=\"{&quot;background_background&quot;:&quot;classic&quot;}\">\n\t\t\t\t\t\t\t<div class=\"elementor-background-overlay\"><\/div>\n\t\t\t\t\t\t\t<div class=\"elementor-container elementor-column-gap-wider\">\n\t\t\t\t\t<div class=\"elementor-column elementor-col-100 elementor-top-column elementor-element elementor-element-4ff487b\" data-id=\"4ff487b\" data-element_type=\"column\" data-e-type=\"column\">\n\t\t\t<div class=\"elementor-widget-wrap elementor-element-populated\">\n\t\t\t\t\t\t<div class=\"elementor-element elementor-element-1b50b93 elementor-widget elementor-widget-text-editor\" data-id=\"1b50b93\" data-element_type=\"widget\" data-e-type=\"widget\" data-widget_type=\"text-editor.default\">\n\t\t\t\t<div class=\"elementor-widget-container\">\n\t\t\t\t\t\t\t\t\t<p>U svom poslovanju Brokersko-dilersko dru\u0161tvo \u201eEURO FINEKS BROKER\u201c a.d. prete\u017eno se bavilo poslovima korporativne agenture, a manje trgovanjem na Beogradskoj berzi.<\/p>\t\t\t\t\t\t\t\t<\/div>\n\t\t\t\t<\/div>\n\t\t\t\t\t<\/div>\n\t\t<\/div>\n\t\t\t\t\t<\/div>\n\t\t<\/section>\n\t\t\t\t<\/div>\n\t\t","protected":false},"excerpt":{"rendered":"<p>Brokersko-dilersko dru\u0161tvo \u201eEURO FINEKS BROKER\u201c a.d. osnovano je 20.06.2001. godine. &#8222;Brokersko-dilerska dru\u0161tva koja su uga\u0161ena a \u010dije je klijente preuzeo Euro Fineks Broker ad Beograd su: Brokersko-dilersko dru\u0161tvo EKI BROKER a.d. BeogradBrokersko-dilersko dru\u0161tvo PAN BROKER a.d. BeogradBrokersko-dilersko dru\u0161tvo BONITET GRUPA d.o.o. BeogradBrokersko-dilersko dru\u0161tvo TEMA BROKER a.d. BeogradBrokersko-dilersko dru\u0161tvo TR\u017dI\u0160TE NOVCA, a.d., BeogradBrokersko-dilersko dru\u0161tvo CAPITAL BROKER, [&hellip;]<\/p>\n","protected":false},"author":1,"featured_media":0,"parent":0,"menu_order":0,"comment_status":"closed","ping_status":"open","template":"elementor_header_footer","meta":{"site-sidebar-layout":"default","site-content-layout":"","ast-site-content-layout":"default","site-content-style":"default","site-sidebar-style":"default","ast-global-header-display":"","ast-banner-title-visibility":"","ast-main-header-display":"","ast-hfb-above-header-display":"","ast-hfb-below-header-display":"","ast-hfb-mobile-header-display":"","site-post-title":"","ast-breadcrumbs-content":"","ast-featured-img":"","footer-sml-layout":"","ast-disable-related-posts":"","theme-transparent-header-meta":"","adv-header-id-meta":"","stick-header-meta":"","header-above-stick-meta":"","header-main-stick-meta":"","header-below-stick-meta":"","astra-migrate-meta-layouts":"default","ast-page-background-enabled":"default","ast-page-background-meta":{"desktop":{"background-color":"var(--ast-global-color-4)","background-image":"","background-repeat":"repeat","background-position":"center center","background-size":"auto","background-attachment":"scroll","background-type":"","background-media":"","overlay-type":"","overlay-color":"","overlay-opacity":"","overlay-gradient":""},"tablet":{"background-color":"","background-image":"","background-repeat":"repeat","background-position":"center center","background-size":"auto","background-attachment":"scroll","background-type":"","background-media":"","overlay-type":"","overlay-color":"","overlay-opacity":"","overlay-gradient":""},"mobile":{"background-color":"","background-image":"","background-repeat":"repeat","background-position":"center center","background-size":"auto","background-attachment":"scroll","background-type":"","background-media":"","overlay-type":"","overlay-color":"","overlay-opacity":"","overlay-gradient":""}},"ast-content-background-meta":{"desktop":{"background-color":"var(--ast-global-color-5)","background-image":"","background-repeat":"repeat","background-position":"center center","background-size":"auto","background-attachment":"scroll","background-type":"","background-media":"","overlay-type":"","overlay-color":"","overlay-opacity":"","overlay-gradient":""},"tablet":{"background-color":"var(--ast-global-color-5)","background-image":"","background-repeat":"repeat","background-position":"center center","background-size":"auto","background-attachment":"scroll","background-type":"","background-media":"","overlay-type":"","overlay-color":"","overlay-opacity":"","overlay-gradient":""},"mobile":{"background-color":"var(--ast-global-color-5)","background-image":"","background-repeat":"repeat","background-position":"center center","background-size":"auto","background-attachment":"scroll","background-type":"","background-media":"","overlay-type":"","overlay-color":"","overlay-opacity":"","overlay-gradient":""}},"footnotes":""},"class_list":["post-2","page","type-page","status-publish","hentry"],"yoast_head":"<!-- This site is optimized with the Yoast SEO plugin v27.5 - https:\/\/yoast.com\/product\/yoast-seo-wordpress\/ -->\n<title>EUROFINEKS BROKER AD - EUROFINEKS BROKER AD<\/title>\n<meta name=\"robots\" content=\"index, follow, max-snippet:-1, max-image-preview:large, max-video-preview:-1\" \/>\n<link rel=\"canonical\" href=\"https:\/\/eurofineks.rs\/\" \/>\n<meta property=\"og:locale\" content=\"sr_RS\" \/>\n<meta property=\"og:type\" content=\"article\" \/>\n<meta property=\"og:title\" content=\"EUROFINEKS BROKER AD - EUROFINEKS BROKER AD\" \/>\n<meta property=\"og:description\" content=\"Brokersko-dilersko dru\u0161tvo \u201eEURO FINEKS BROKER\u201c a.d. osnovano je 20.06.2001. godine. &#8222;Brokersko-dilerska dru\u0161tva koja su uga\u0161ena a \u010dije je klijente preuzeo Euro Fineks Broker ad Beograd su: Brokersko-dilersko dru\u0161tvo EKI BROKER a.d. BeogradBrokersko-dilersko dru\u0161tvo PAN BROKER a.d. BeogradBrokersko-dilersko dru\u0161tvo BONITET GRUPA d.o.o. BeogradBrokersko-dilersko dru\u0161tvo TEMA BROKER a.d. BeogradBrokersko-dilersko dru\u0161tvo TR\u017dI\u0160TE NOVCA, a.d., BeogradBrokersko-dilersko dru\u0161tvo CAPITAL BROKER, [&hellip;]\" \/>\n<meta property=\"og:url\" content=\"https:\/\/eurofineks.rs\/\" \/>\n<meta property=\"og:site_name\" content=\"EUROFINEKS BROKER AD\" \/>\n<meta property=\"article:modified_time\" content=\"2024-05-28T12:02:26+00:00\" \/>\n<meta name=\"twitter:card\" content=\"summary_large_image\" \/>\n<meta name=\"twitter:label1\" content=\"\u041f\u0440\u043e\u0446\u0435\u045a\u0435\u043d\u043e \u0432\u0440\u0435\u043c\u0435 \u0447\u0438\u0442\u0430\u045a\u0430\" \/>\n\t<meta name=\"twitter:data1\" content=\"1 \u043c\u0438\u043d\u0443\u0442\" \/>\n<script type=\"application\/ld+json\" class=\"yoast-schema-graph\">{\"@context\":\"https:\\\/\\\/schema.org\",\"@graph\":[{\"@type\":\"WebPage\",\"@id\":\"https:\\\/\\\/eurofineks.rs\\\/\",\"url\":\"https:\\\/\\\/eurofineks.rs\\\/\",\"name\":\"EUROFINEKS BROKER AD - EUROFINEKS BROKER AD\",\"isPartOf\":{\"@id\":\"https:\\\/\\\/eurofineks.rs\\\/#website\"},\"datePublished\":\"2023-04-05T06:52:47+00:00\",\"dateModified\":\"2024-05-28T12:02:26+00:00\",\"breadcrumb\":{\"@id\":\"https:\\\/\\\/eurofineks.rs\\\/#breadcrumb\"},\"inLanguage\":\"sr-RS\",\"potentialAction\":[{\"@type\":\"ReadAction\",\"target\":[\"https:\\\/\\\/eurofineks.rs\\\/\"]}]},{\"@type\":\"BreadcrumbList\",\"@id\":\"https:\\\/\\\/eurofineks.rs\\\/#breadcrumb\",\"itemListElement\":[{\"@type\":\"ListItem\",\"position\":1,\"name\":\"\u041f\u043e\u0447\u0435\u0442\u043d\u0430\",\"item\":\"https:\\\/\\\/eurofineks.rs\\\/\"},{\"@type\":\"ListItem\",\"position\":2,\"name\":\"EUROFINEKS BROKER AD\"}]},{\"@type\":\"WebSite\",\"@id\":\"https:\\\/\\\/eurofineks.rs\\\/#website\",\"url\":\"https:\\\/\\\/eurofineks.rs\\\/\",\"name\":\"EUROFINEKS BROKER AD\",\"description\":\"BROKERSKO-DILERSKO DRU\u0160TVO\",\"potentialAction\":[{\"@type\":\"SearchAction\",\"target\":{\"@type\":\"EntryPoint\",\"urlTemplate\":\"https:\\\/\\\/eurofineks.rs\\\/?s={search_term_string}\"},\"query-input\":{\"@type\":\"PropertyValueSpecification\",\"valueRequired\":true,\"valueName\":\"search_term_string\"}}],\"inLanguage\":\"sr-RS\"}]}<\/script>\n<!-- \/ Yoast SEO plugin. -->","yoast_head_json":{"title":"EUROFINEKS BROKER AD - EUROFINEKS BROKER AD","robots":{"index":"index","follow":"follow","max-snippet":"max-snippet:-1","max-image-preview":"max-image-preview:large","max-video-preview":"max-video-preview:-1"},"canonical":"https:\/\/eurofineks.rs\/","og_locale":"sr_RS","og_type":"article","og_title":"EUROFINEKS BROKER AD - EUROFINEKS BROKER AD","og_description":"Brokersko-dilersko dru\u0161tvo \u201eEURO FINEKS BROKER\u201c a.d. osnovano je 20.06.2001. godine. &#8222;Brokersko-dilerska dru\u0161tva koja su uga\u0161ena a \u010dije je klijente preuzeo Euro Fineks Broker ad Beograd su: Brokersko-dilersko dru\u0161tvo EKI BROKER a.d. BeogradBrokersko-dilersko dru\u0161tvo PAN BROKER a.d. BeogradBrokersko-dilersko dru\u0161tvo BONITET GRUPA d.o.o. BeogradBrokersko-dilersko dru\u0161tvo TEMA BROKER a.d. BeogradBrokersko-dilersko dru\u0161tvo TR\u017dI\u0160TE NOVCA, a.d., BeogradBrokersko-dilersko dru\u0161tvo CAPITAL BROKER, [&hellip;]","og_url":"https:\/\/eurofineks.rs\/","og_site_name":"EUROFINEKS BROKER AD","article_modified_time":"2024-05-28T12:02:26+00:00","twitter_card":"summary_large_image","twitter_misc":{"\u041f\u0440\u043e\u0446\u0435\u045a\u0435\u043d\u043e \u0432\u0440\u0435\u043c\u0435 \u0447\u0438\u0442\u0430\u045a\u0430":"1 \u043c\u0438\u043d\u0443\u0442"},"schema":{"@context":"https:\/\/schema.org","@graph":[{"@type":"WebPage","@id":"https:\/\/eurofineks.rs\/","url":"https:\/\/eurofineks.rs\/","name":"EUROFINEKS BROKER AD - EUROFINEKS BROKER AD","isPartOf":{"@id":"https:\/\/eurofineks.rs\/#website"},"datePublished":"2023-04-05T06:52:47+00:00","dateModified":"2024-05-28T12:02:26+00:00","breadcrumb":{"@id":"https:\/\/eurofineks.rs\/#breadcrumb"},"inLanguage":"sr-RS","potentialAction":[{"@type":"ReadAction","target":["https:\/\/eurofineks.rs\/"]}]},{"@type":"BreadcrumbList","@id":"https:\/\/eurofineks.rs\/#breadcrumb","itemListElement":[{"@type":"ListItem","position":1,"name":"\u041f\u043e\u0447\u0435\u0442\u043d\u0430","item":"https:\/\/eurofineks.rs\/"},{"@type":"ListItem","position":2,"name":"EUROFINEKS BROKER AD"}]},{"@type":"WebSite","@id":"https:\/\/eurofineks.rs\/#website","url":"https:\/\/eurofineks.rs\/","name":"EUROFINEKS BROKER AD","description":"BROKERSKO-DILERSKO DRU\u0160TVO","potentialAction":[{"@type":"SearchAction","target":{"@type":"EntryPoint","urlTemplate":"https:\/\/eurofineks.rs\/?s={search_term_string}"},"query-input":{"@type":"PropertyValueSpecification","valueRequired":true,"valueName":"search_term_string"}}],"inLanguage":"sr-RS"}]}},"_links":{"self":[{"href":"https:\/\/eurofineks.rs\/index.php?rest_route=\/wp\/v2\/pages\/2","targetHints":{"allow":["GET"]}}],"collection":[{"href":"https:\/\/eurofineks.rs\/index.php?rest_route=\/wp\/v2\/pages"}],"about":[{"href":"https:\/\/eurofineks.rs\/index.php?rest_route=\/wp\/v2\/types\/page"}],"author":[{"embeddable":true,"href":"https:\/\/eurofineks.rs\/index.php?rest_route=\/wp\/v2\/users\/1"}],"replies":[{"embeddable":true,"href":"https:\/\/eurofineks.rs\/index.php?rest_route=%2Fwp%2Fv2%2Fcomments&post=2"}],"version-history":[{"count":247,"href":"https:\/\/eurofineks.rs\/index.php?rest_route=\/wp\/v2\/pages\/2\/revisions"}],"predecessor-version":[{"id":620,"href":"https:\/\/eurofineks.rs\/index.php?rest_route=\/wp\/v2\/pages\/2\/revisions\/620"}],"wp:attachment":[{"href":"https:\/\/eurofineks.rs\/index.php?rest_route=%2Fwp%2Fv2%2Fmedia&parent=2"}],"curies":[{"name":"wp","href":"https:\/\/api.w.org\/{rel}","templated":true}]}}